{"id":148863,"date":"2026-02-27T17:03:34","date_gmt":"2026-02-27T17:03:34","guid":{"rendered":"https:\/\/brass-market.com\/?post_type=product&#038;p=148863"},"modified":"2026-02-27T17:16:18","modified_gmt":"2026-02-27T17:16:18","slug":"studio-kit-taylor-collins-tr-09-trumpet-bach-mouthpiece-maintenance-kit-and-lubricants-copia","status":"publish","type":"product","link":"https:\/\/brass-market.com\/en\/producto\/studio-kit-taylor-collins-tr-09-trumpet-bach-mouthpiece-maintenance-kit-and-lubricants-copia\/","title":{"rendered":"Starter Kit: Harlem Trumpet + Bach Mouthpiece + Maintenance Kit and Lubricants"},"content":{"rendered":"<p><strong>Starter Kit: <\/strong><\/p>\n<p><strong>New Harlem Trumpet!<\/strong><\/p>\n<p><strong>+ Mouthpiece Bach <\/strong><\/p>\n<p><strong>+ Maintenance kit and lubricants <\/strong><\/p>\n<p><strong>+ Polishing Cloth<\/strong><\/p>\n<p><strong>+ Case lightweight type backpack<\/strong><\/p>\n<p>&nbsp;<\/p>\n<p>The Harlem trumpet is ideal for beginner students.<\/p>\n<p>Its quality is far superior to other brands in a similar price range. Excellent tuning and sound. <\/p>\n<p>Each instrument is tested by the technician before being sent out.<\/p>\n<p>&nbsp;<\/p>\n<p>We accompany you in this <strong>Kit of study <\/strong>with the mouthpiece most recommended by the teachers, the <span style=\"font-family: HelveticaNeueW01-65Medi, HelveticaNeueW02-65Medi, HelveticaNeueW10-65Medi, sans-serif;\"><b>Bach 7c<\/b><\/span>. In addition to all the material necessary for its maintenance, cleaning and lubrication of the brand <strong>Fast<\/strong> or <strong>Dunlop-Herco<\/strong>, in a kit that contains: Brush for mouthpiece, Brush for bore of pistons, Flexible Brush for bore, Chamois for drying, Grease for tuning slides, Oil for pistons. <\/p>\n<p>&nbsp;<\/p>\n<p>&nbsp;<\/p>\n","protected":false},"excerpt":{"rendered":"<p>Starter Kit: New Harlem Trumpet! + Mouthpiece Bach + Maintenance kit and lubricants + Polishing Cloth + Case lightweight type backpack &nbsp; The Harlem trumpet is ideal for beginner students. Its quality is far superior to other brands in a similar price range. Excellent tuning and sound. Each instrument is tested by the technician before [&hellip;]<\/p>\n","protected":false},"featured_media":148865,"comment_status":"open","ping_status":"closed","template":"","meta":{"_acf_changed":false,"_seopress_robots_primary_cat":"none","_seopress_titles_title":"Starter Kit: Harlem Trumpet + Bach Mouthpiece + Maintenance Kit and Lubricants","_seopress_titles_desc":"Acompa\u00f1amos la mejor trompeta de iniciaci\u00f3n con la boquilla m\u00e1s recomendada por los profesores, la Bach 7c. In addition to all the necessary material for its maintenance, cleaning and lubrication from the brand Fast or Dunlop-Herco, in a kit that contains: Mouthpiece brush, Piston brush, Flexible brush for leadpipe, Drying cloth, Tuning slide grease, Valve oil.","_seopress_robots_index":""},"brand":[],"product_brand":[908],"product_cat":[1225,1234],"product_tag":[],"class_list":{"0":"post-148863","1":"product","2":"type-product","3":"status-publish","4":"has-post-thumbnail","6":"product_brand-harlem","7":"product_cat-new-instruments","8":"product_cat-trumpets","10":"first","11":"instock","12":"sale","13":"taxable","14":"shipping-taxable","15":"purchasable","16":"product-type-simple"},"acf":[],"_links":{"self":[{"href":"https:\/\/brass-market.com\/en\/wp-json\/wp\/v2\/product\/148863","targetHints":{"allow":["GET"]}}],"collection":[{"href":"https:\/\/brass-market.com\/en\/wp-json\/wp\/v2\/product"}],"about":[{"href":"https:\/\/brass-market.com\/en\/wp-json\/wp\/v2\/types\/product"}],"replies":[{"embeddable":true,"href":"https:\/\/brass-market.com\/en\/wp-json\/wp\/v2\/comments?post=148863"}],"wp:featuredmedia":[{"embeddable":true,"href":"https:\/\/brass-market.com\/en\/wp-json\/wp\/v2\/media\/148865"}],"wp:attachment":[{"href":"https:\/\/brass-market.com\/en\/wp-json\/wp\/v2\/media?parent=148863"}],"wp:term":[{"taxonomy":"brand","embeddable":true,"href":"https:\/\/brass-market.com\/en\/wp-json\/wp\/v2\/brand?post=148863"},{"taxonomy":"product_brand","embeddable":true,"href":"https:\/\/brass-market.com\/en\/wp-json\/wp\/v2\/product_brand?post=148863"},{"taxonomy":"product_cat","embeddable":true,"href":"https:\/\/brass-market.com\/en\/wp-json\/wp\/v2\/product_cat?post=148863"},{"taxonomy":"product_tag","embeddable":true,"href":"https:\/\/brass-market.com\/en\/wp-json\/wp\/v2\/product_tag?post=148863"}],"curies":[{"name":"wp","href":"https:\/\/api.w.org\/{rel}","templated":true}]}}