{"id":148614,"date":"2026-02-23T10:58:03","date_gmt":"2026-02-23T10:58:03","guid":{"rendered":"https:\/\/brass-market.com\/?post_type=product&#038;p=148614"},"modified":"2026-02-23T17:22:18","modified_gmt":"2026-02-23T17:22:18","slug":"yamaha-ycr-2330iii-cornet-in-b-flat-copia","status":"publish","type":"product","link":"https:\/\/brass-market.com\/en\/producto\/yamaha-ycr-2330iii-cornet-in-b-flat-copia\/","title":{"rendered":"Yamaha YCR-4330GII Cornet in B-flat"},"content":{"rendered":"<p><strong>Yamaha YCR-4330GII Cornet in B-flat<\/strong><\/p>\n<div class=\"l-wrapper\" data-id=\"d2018437\">\n<div class=\"l-inner\">\n<div class=\"p-media-layout p-media-layout--column-reverse-narrow product-overview\">\n<div class=\"p-media-layout__inner\">\n<div class=\"p-media-layout__content\">\n<div class=\"p-text\">\n<p class=\"c-text\">The YCR-4330GII model, which incorporates a rounded mouthpiece combined with a medium\/large bore (ML) sound channel, offers the characteristic sound of the cornet with a very comfortable response. The modified two-piece gold-plated brass bell, with an ideal thickness, allows the player to produce a warm, round tone. <\/p>\n<\/div>\n<\/div>\n<\/div>\n<\/div>\n<\/div>\n<\/div>\n<p>Fabricada en lat\u00f3n dorado para ofrecer un tono rico y c\u00e1lido, la campana se ha dise\u00f1ado para lograr el equilibrio ideal entre durabilidad, facilidad de ejecuci\u00f3n y un sonido expresivo.<\/p>\n<p>The highly durable monel alloy pistons, along with the buttons and lower piston caps, help extend the life of the instrument while maximizing its sound quality.<\/p>\n<p>The tuning slides are constructed using the same methods as professional models for better stability, a more defined tonal color, and greater durability.<\/p>\n<p>The rounded leadpipe and 11.65 mm (0.459&#8243;) ML (medium-large) bore give this instrument a light and smooth response, as well as a warm tone.<\/p>\n<p>Backpack-style case. Semi-hard case offers a contemporary look and greater ease of transport.<\/p>\n<ul>\n<li>B-flat trumpet<\/li>\n<li>Average weight<\/li>\n<li>Finish: Lacquered Gold,<\/li>\n<li>Bell: 119.0 mm gold brass<\/li>\n<li>Bore: ML 11.65 mm,<\/li>\n<li>Moputhpiece: CR-11E4.<\/li>\n<\/ul>\n<p>&nbsp;<\/p>\n<p><strong>CHECK STOCK AVAILABLE<\/strong><\/p>\n","protected":false},"excerpt":{"rendered":"<p>Yamaha YCR-4330GII Cornet in B-flat The YCR-4330GII model, which incorporates a rounded mouthpiece combined with a medium\/large bore (ML) sound channel, offers the characteristic sound of the cornet with a very comfortable response. The modified two-piece gold-plated brass bell, with an ideal thickness, allows the player to produce a warm, round tone. Fabricada en lat\u00f3n [&hellip;]<\/p>\n","protected":false},"featured_media":148616,"comment_status":"open","ping_status":"closed","template":"","meta":{"_acf_changed":false,"_seopress_robots_primary_cat":"none","_seopress_titles_title":"","_seopress_titles_desc":"","_seopress_robots_index":""},"brand":[],"product_brand":[780],"product_cat":[1225,1228],"product_tag":[],"class_list":{"0":"post-148614","1":"product","2":"type-product","3":"status-publish","4":"has-post-thumbnail","6":"product_brand-yamaha","7":"product_cat-new-instruments","8":"product_cat-other-wind-instruments","10":"first","11":"instock","12":"taxable","13":"shipping-taxable","14":"purchasable","15":"product-type-simple"},"acf":[],"_links":{"self":[{"href":"https:\/\/brass-market.com\/en\/wp-json\/wp\/v2\/product\/148614","targetHints":{"allow":["GET"]}}],"collection":[{"href":"https:\/\/brass-market.com\/en\/wp-json\/wp\/v2\/product"}],"about":[{"href":"https:\/\/brass-market.com\/en\/wp-json\/wp\/v2\/types\/product"}],"replies":[{"embeddable":true,"href":"https:\/\/brass-market.com\/en\/wp-json\/wp\/v2\/comments?post=148614"}],"wp:featuredmedia":[{"embeddable":true,"href":"https:\/\/brass-market.com\/en\/wp-json\/wp\/v2\/media\/148616"}],"wp:attachment":[{"href":"https:\/\/brass-market.com\/en\/wp-json\/wp\/v2\/media?parent=148614"}],"wp:term":[{"taxonomy":"brand","embeddable":true,"href":"https:\/\/brass-market.com\/en\/wp-json\/wp\/v2\/brand?post=148614"},{"taxonomy":"product_brand","embeddable":true,"href":"https:\/\/brass-market.com\/en\/wp-json\/wp\/v2\/product_brand?post=148614"},{"taxonomy":"product_cat","embeddable":true,"href":"https:\/\/brass-market.com\/en\/wp-json\/wp\/v2\/product_cat?post=148614"},{"taxonomy":"product_tag","embeddable":true,"href":"https:\/\/brass-market.com\/en\/wp-json\/wp\/v2\/product_tag?post=148614"}],"curies":[{"name":"wp","href":"https:\/\/api.w.org\/{rel}","templated":true}]}}