{"id":147290,"date":"2025-02-12T10:26:48","date_gmt":"2025-02-12T10:26:48","guid":{"rendered":"https:\/\/brass-market.com\/producto\/box-of-10-gonzalez-classic-reeds-for-alto-saxophone\/"},"modified":"2025-02-12T10:26:48","modified_gmt":"2025-02-12T10:26:48","slug":"box-of-10-gonzalez-classic-reeds-for-alto-saxophone","status":"publish","type":"product","link":"https:\/\/brass-market.com\/en\/producto\/box-of-10-gonzalez-classic-reeds-for-alto-saxophone\/","title":{"rendered":"Box of 10 Gonz\u00e1lez &#8220;Classic&#8221; reeds for alto saxophone"},"content":{"rendered":"<p>Box of 10 Gonz\u00e1lez &#8220;Classic&#8221; reeds for alto saxophone<\/p>\n<p>&#8220;Filed&#8221;<\/p>\n<p>Imported from Argentina. Organically grown without agrochemicals or pesticides. <\/p>\n<p>Equivalent hardness to traditional Vandoren.<\/p>\n<p>Reeds designed for use in classical music.<\/p>\n<p>&nbsp;<\/p>\n<p><strong>From the website of &#8220;Ca\u00f1as Gonz\u00e1lez&#8221;:<\/strong><\/p>\n<p>Ca\u00f1as Gonzalez propiedad de Argendonax S.A. es uno de los principales fabricantes de ca\u00f1as para clarinete, ca\u00f1as para saxofon, ca\u00f1as para oboe, ca\u00f1as para corno ingles, ca\u00f1as para fagot y ca\u00f1as para contrafagot. Toda la materia prima empleada en nuestros productos, proviene de nuestra propia plantaci\u00f3n de Arundo Donax en 3 de Mayo al pie de los Andes, considerada la m\u00e1s grande a nivel mundial.<br \/>\nDesde los comienzos en el a\u00f1o 1982 nuestra misi\u00f3n ha sido involucrarnos personalizadamente y aplicar un exhaustivo control de calidad en cada etapa del proceso de fabricaci\u00f3n, desde el cultivo, producci\u00f3n, distribuci\u00f3n hasta la evaluaci\u00f3n de exigentes m\u00fasicos profesionales. Para producir la mejor ca\u00f1a para instrumentos de vientos del mundo, teniendo en cuenta la calidad por sobre la cantidad.<br \/>\nMediante un profundo compromiso con el medio ambiente elegimos solo la mejor materia prima de extraordinarias caracter\u00edsticas respetando siempre la tradici\u00f3n familiar. Hoy, ca\u00f1as Gonzalez es pionera en la divisi\u00f3n de sus medidas en cuartos de dureza, brindando al m\u00fasico un sistema m\u00e1s exacto de selecci\u00f3n y menor descarte de ca\u00f1as por caja. Adem\u00e1s la marca es sin\u00f3nimo de excelencia en m\u00e1s de 30 pa\u00edses que componen nuestra red de distribuci\u00f3n.    <\/p>\n","protected":false},"excerpt":{"rendered":"<p>Box of 10 Gonz\u00e1lez &#8220;Classic&#8221; reeds for alto saxophone &#8220;Filed&#8221; Imported from Argentina. Organically grown without agrochemicals or pesticides. Equivalent hardness to traditional Vandoren. Reeds designed for use in classical music. &nbsp; From the website of &#8220;Ca\u00f1as Gonz\u00e1lez&#8221;: Ca\u00f1as Gonzalez propiedad de Argendonax S.A. es uno de los principales fabricantes de ca\u00f1as para clarinete, ca\u00f1as [&hellip;]<\/p>\n","protected":false},"featured_media":123537,"comment_status":"open","ping_status":"closed","template":"","meta":{"_acf_changed":false,"_seopress_robots_primary_cat":"none","_seopress_titles_title":"","_seopress_titles_desc":"","_seopress_robots_index":""},"brand":[],"product_brand":[889],"product_cat":[1177,1180,1197],"product_tag":[],"class_list":{"0":"post-147290","1":"product","2":"type-product","3":"status-publish","4":"has-post-thumbnail","6":"product_brand-gonzalez","7":"product_cat-accessories","8":"product_cat-alto-sax-reeds","9":"product_cat-reeds","11":"first","12":"instock","13":"taxable","14":"shipping-taxable","15":"purchasable","16":"product-type-variable"},"acf":[],"_links":{"self":[{"href":"https:\/\/brass-market.com\/en\/wp-json\/wp\/v2\/product\/147290","targetHints":{"allow":["GET"]}}],"collection":[{"href":"https:\/\/brass-market.com\/en\/wp-json\/wp\/v2\/product"}],"about":[{"href":"https:\/\/brass-market.com\/en\/wp-json\/wp\/v2\/types\/product"}],"replies":[{"embeddable":true,"href":"https:\/\/brass-market.com\/en\/wp-json\/wp\/v2\/comments?post=147290"}],"wp:featuredmedia":[{"embeddable":true,"href":"https:\/\/brass-market.com\/en\/wp-json\/wp\/v2\/media\/123537"}],"wp:attachment":[{"href":"https:\/\/brass-market.com\/en\/wp-json\/wp\/v2\/media?parent=147290"}],"wp:term":[{"taxonomy":"brand","embeddable":true,"href":"https:\/\/brass-market.com\/en\/wp-json\/wp\/v2\/brand?post=147290"},{"taxonomy":"product_brand","embeddable":true,"href":"https:\/\/brass-market.com\/en\/wp-json\/wp\/v2\/product_brand?post=147290"},{"taxonomy":"product_cat","embeddable":true,"href":"https:\/\/brass-market.com\/en\/wp-json\/wp\/v2\/product_cat?post=147290"},{"taxonomy":"product_tag","embeddable":true,"href":"https:\/\/brass-market.com\/en\/wp-json\/wp\/v2\/product_tag?post=147290"}],"curies":[{"name":"wp","href":"https:\/\/api.w.org\/{rel}","templated":true}]}}