{"id":147269,"date":"2025-02-20T15:46:40","date_gmt":"2025-02-20T15:46:40","guid":{"rendered":"https:\/\/brass-market.com\/producto\/vandoren-vk1-traditional-synthetic-reed-for-bb-clarinet\/"},"modified":"2025-02-20T15:46:40","modified_gmt":"2025-02-20T15:46:40","slug":"vandoren-vk1-traditional-synthetic-reed-for-bb-clarinet","status":"publish","type":"product","link":"https:\/\/brass-market.com\/en\/producto\/vandoren-vk1-traditional-synthetic-reed-for-bb-clarinet\/","title":{"rendered":"Vandoren VK1 Traditional Synthetic Reed for Bb Clarinet"},"content":{"rendered":"<p><strong>Vandoren VK1 Traditional Synthetic Reed for Bb Clarinet<\/strong><\/p>\n<p>&nbsp;<\/p>\n<p>Synthetic reed manufactured with material developed by Vandoren.<\/p>\n<p>Made in France.<\/p>\n<p>100% recyclable.<\/p>\n<p>6 hardnesses available.<\/p>\n<p>Resistant to moisture, decomposition, does not deform when drying and is resistant to saliva.<\/p>\n<p>Made from hypoallergenic material.<\/p>\n<p>La fuerza de las ca\u00f1as VK para clarinete corresponde a 1\/6 de la fuerza de una ca\u00f1a<br \/>\nnatural. Dos ca\u00f1as de la misma fuerza son estrictamente id\u00e9nticas, , garantizando una precisi\u00f3n absoluta. <\/p>\n","protected":false},"excerpt":{"rendered":"<p>Vandoren VK1 Traditional Synthetic Reed for Bb Clarinet &nbsp; Synthetic reed manufactured with material developed by Vandoren. Made in France. 100% recyclable. 6 hardnesses available. Resistant to moisture, decomposition, does not deform when drying and is resistant to saliva. Made from hypoallergenic material. La fuerza de las ca\u00f1as VK para clarinete corresponde a 1\/6 de [&hellip;]<\/p>\n","protected":false},"featured_media":126419,"comment_status":"open","ping_status":"closed","template":"","meta":{"_acf_changed":false,"_seopress_robots_primary_cat":"none","_seopress_titles_title":"","_seopress_titles_desc":"","_seopress_robots_index":""},"brand":[],"product_brand":[811],"product_cat":[1177,1198,1197],"product_tag":[],"class_list":{"0":"post-147269","1":"product","2":"type-product","3":"status-publish","4":"has-post-thumbnail","6":"product_brand-vandoren","7":"product_cat-accessories","8":"product_cat-clarinet-reeds","9":"product_cat-reeds","11":"first","12":"instock","13":"taxable","14":"shipping-taxable","15":"purchasable","16":"product-type-variable"},"acf":[],"_links":{"self":[{"href":"https:\/\/brass-market.com\/en\/wp-json\/wp\/v2\/product\/147269","targetHints":{"allow":["GET"]}}],"collection":[{"href":"https:\/\/brass-market.com\/en\/wp-json\/wp\/v2\/product"}],"about":[{"href":"https:\/\/brass-market.com\/en\/wp-json\/wp\/v2\/types\/product"}],"replies":[{"embeddable":true,"href":"https:\/\/brass-market.com\/en\/wp-json\/wp\/v2\/comments?post=147269"}],"wp:featuredmedia":[{"embeddable":true,"href":"https:\/\/brass-market.com\/en\/wp-json\/wp\/v2\/media\/126419"}],"wp:attachment":[{"href":"https:\/\/brass-market.com\/en\/wp-json\/wp\/v2\/media?parent=147269"}],"wp:term":[{"taxonomy":"brand","embeddable":true,"href":"https:\/\/brass-market.com\/en\/wp-json\/wp\/v2\/brand?post=147269"},{"taxonomy":"product_brand","embeddable":true,"href":"https:\/\/brass-market.com\/en\/wp-json\/wp\/v2\/product_brand?post=147269"},{"taxonomy":"product_cat","embeddable":true,"href":"https:\/\/brass-market.com\/en\/wp-json\/wp\/v2\/product_cat?post=147269"},{"taxonomy":"product_tag","embeddable":true,"href":"https:\/\/brass-market.com\/en\/wp-json\/wp\/v2\/product_tag?post=147269"}],"curies":[{"name":"wp","href":"https:\/\/api.w.org\/{rel}","templated":true}]}}