{"id":147130,"date":"2026-01-03T10:59:24","date_gmt":"2026-01-03T10:59:24","guid":{"rendered":"https:\/\/brass-market.com\/?post_type=product&#038;p=147130"},"modified":"2026-01-03T11:20:18","modified_gmt":"2026-01-03T11:20:18","slug":"bg-thumbrest-for-clarinet-copia","status":"publish","type":"product","link":"https:\/\/brass-market.com\/en\/producto\/bg-thumbrest-for-clarinet-copia\/","title":{"rendered":"Boston Sax Shop Thumb Hook"},"content":{"rendered":"<p>Boston Sax Shop Thumb Hook<\/p>\n<p id=\"tw-target-text\" class=\"tw-data-text tw-text-large tw-ta\" dir=\"ltr\" tabindex=\"-1\" role=\"text\" data-placeholder=\"Traducci\u00f3n\" data-ved=\"2ahUKEwiilbewm--RAxW8RaQEHUdtGeIQ3ewLegQIDBAW\" aria-label=\"Texto traducido: Mejore la comodidad al tocar y reduzca la tensi\u00f3n en la mano derecha con nuestro ligero gancho para el pulgar de aluminio anodizado. Para saxof\u00f3n soprano, alto, tenor y bar\u00edtono. Disponible para *Selmer\/Yanagisawa\/Selmer Style y Yamaha *El estilo Selmer incluye las principales marcas de saxof\u00f3n taiwan\u00e9s y chino **Nota: No es compatible con saxofones Keilwerth ni antiguos que no tengan gancho para el pulgar extra\u00edble.\"><span class=\"Y2IQFc\" lang=\"es\">Improves comfort when playing and reduces strain on the right hand.<\/span><\/p>\n<p class=\"tw-data-text tw-text-large tw-ta\" dir=\"ltr\" tabindex=\"-1\" role=\"text\" data-placeholder=\"Traducci\u00f3n\" data-ved=\"2ahUKEwiilbewm--RAxW8RaQEHUdtGeIQ3ewLegQIDBAW\" aria-label=\"Texto traducido: Mejore la comodidad al tocar y reduzca la tensi\u00f3n en la mano derecha con nuestro ligero gancho para el pulgar de aluminio anodizado. Para saxof\u00f3n soprano, alto, tenor y bar\u00edtono. Disponible para *Selmer\/Yanagisawa\/Selmer Style y Yamaha *El estilo Selmer incluye las principales marcas de saxof\u00f3n taiwan\u00e9s y chino **Nota: No es compatible con saxofones Keilwerth ni antiguos que no tengan gancho para el pulgar extra\u00edble.\"><span class=\"Y2IQFc\" lang=\"es\">For soprano, alto, tenor and baritone saxophone.<\/span><\/p>\n<p class=\"tw-data-text tw-text-large tw-ta\" dir=\"ltr\" tabindex=\"-1\" role=\"text\" data-placeholder=\"Traducci\u00f3n\" data-ved=\"2ahUKEwiilbewm--RAxW8RaQEHUdtGeIQ3ewLegQIDBAW\" aria-label=\"Texto traducido: Mejore la comodidad al tocar y reduzca la tensi\u00f3n en la mano derecha con nuestro ligero gancho para el pulgar de aluminio anodizado. Para saxof\u00f3n soprano, alto, tenor y bar\u00edtono. Disponible para *Selmer\/Yanagisawa\/Selmer Style y Yamaha *El estilo Selmer incluye las principales marcas de saxof\u00f3n taiwan\u00e9s y chino **Nota: No es compatible con saxofones Keilwerth ni antiguos que no tengan gancho para el pulgar extra\u00edble.\"><span class=\"Y2IQFc\" lang=\"es\">Available for *Selmer\/Yanagisawa\/Selmer Style and Yamaha<\/span><\/p>\n<p class=\"tw-data-text tw-text-large tw-ta\" dir=\"ltr\" tabindex=\"-1\" role=\"text\" data-placeholder=\"Traducci\u00f3n\" data-ved=\"2ahUKEwiilbewm--RAxW8RaQEHUdtGeIQ3ewLegQIDBAW\" aria-label=\"Texto traducido: Mejore la comodidad al tocar y reduzca la tensi\u00f3n en la mano derecha con nuestro ligero gancho para el pulgar de aluminio anodizado. Para saxof\u00f3n soprano, alto, tenor y bar\u00edtono. Disponible para *Selmer\/Yanagisawa\/Selmer Style y Yamaha *El estilo Selmer incluye las principales marcas de saxof\u00f3n taiwan\u00e9s y chino **Nota: No es compatible con saxofones Keilwerth ni antiguos que no tengan gancho para el pulgar extra\u00edble.\"><span class=\"Y2IQFc\" lang=\"es\">*The Selmer style includes the leading Taiwanese and Chinese saxophone brands.<\/span><\/p>\n<p class=\"tw-data-text tw-text-large tw-ta\" dir=\"ltr\" tabindex=\"-1\" role=\"text\" data-placeholder=\"Traducci\u00f3n\" data-ved=\"2ahUKEwiilbewm--RAxW8RaQEHUdtGeIQ3ewLegQIDBAW\" aria-label=\"Texto traducido: Mejore la comodidad al tocar y reduzca la tensi\u00f3n en la mano derecha con nuestro ligero gancho para el pulgar de aluminio anodizado. Para saxof\u00f3n soprano, alto, tenor y bar\u00edtono. Disponible para *Selmer\/Yanagisawa\/Selmer Style y Yamaha *El estilo Selmer incluye las principales marcas de saxof\u00f3n taiwan\u00e9s y chino **Nota: No es compatible con saxofones Keilwerth ni antiguos que no tengan gancho para el pulgar extra\u00edble.\"><span class=\"Y2IQFc\" lang=\"es\">**Note: Not compatible with saxophones that do not have a removable thumb hook.<\/span><\/p>\n","protected":false},"excerpt":{"rendered":"<p>Boston Sax Shop Thumb Hook Improves comfort when playing and reduces strain on the right hand. For soprano, alto, tenor and baritone saxophone. Available for *Selmer\/Yanagisawa\/Selmer Style and Yamaha *The Selmer style includes the leading Taiwanese and Chinese saxophone brands. **Note: Not compatible with saxophones that do not have a removable thumb hook.<\/p>\n","protected":false},"featured_media":147138,"comment_status":"open","ping_status":"closed","template":"","meta":{"_acf_changed":false,"_seopress_robots_primary_cat":"none","_seopress_titles_title":"","_seopress_titles_desc":"","_seopress_robots_index":""},"brand":[],"product_brand":[823],"product_cat":[1177,1219],"product_tag":[],"class_list":{"0":"post-147130","1":"product","2":"type-product","3":"status-publish","4":"has-post-thumbnail","6":"product_brand-boston-sax-shop","7":"product_cat-accessories","8":"product_cat-maintenance-and-care","10":"first","11":"instock","12":"taxable","13":"shipping-taxable","14":"purchasable","15":"product-type-variable"},"acf":[],"_links":{"self":[{"href":"https:\/\/brass-market.com\/en\/wp-json\/wp\/v2\/product\/147130","targetHints":{"allow":["GET"]}}],"collection":[{"href":"https:\/\/brass-market.com\/en\/wp-json\/wp\/v2\/product"}],"about":[{"href":"https:\/\/brass-market.com\/en\/wp-json\/wp\/v2\/types\/product"}],"replies":[{"embeddable":true,"href":"https:\/\/brass-market.com\/en\/wp-json\/wp\/v2\/comments?post=147130"}],"wp:featuredmedia":[{"embeddable":true,"href":"https:\/\/brass-market.com\/en\/wp-json\/wp\/v2\/media\/147138"}],"wp:attachment":[{"href":"https:\/\/brass-market.com\/en\/wp-json\/wp\/v2\/media?parent=147130"}],"wp:term":[{"taxonomy":"brand","embeddable":true,"href":"https:\/\/brass-market.com\/en\/wp-json\/wp\/v2\/brand?post=147130"},{"taxonomy":"product_brand","embeddable":true,"href":"https:\/\/brass-market.com\/en\/wp-json\/wp\/v2\/product_brand?post=147130"},{"taxonomy":"product_cat","embeddable":true,"href":"https:\/\/brass-market.com\/en\/wp-json\/wp\/v2\/product_cat?post=147130"},{"taxonomy":"product_tag","embeddable":true,"href":"https:\/\/brass-market.com\/en\/wp-json\/wp\/v2\/product_tag?post=147130"}],"curies":[{"name":"wp","href":"https:\/\/api.w.org\/{rel}","templated":true}]}}