{"id":146627,"date":"2025-11-21T09:28:14","date_gmt":"2025-11-21T09:28:14","guid":{"rendered":"http:\/\/brass-market.com\/?post_type=product&#038;p=146627"},"modified":"2025-11-21T17:35:17","modified_gmt":"2025-11-21T17:35:17","slug":"sanmahorn-galerna-trumpet-copia","status":"publish","type":"product","link":"https:\/\/brass-market.com\/en\/producto\/sanmahorn-galerna-trumpet-copia\/","title":{"rendered":"Trumpet SanmaHorn Simon"},"content":{"rendered":"<p><strong>Trumpet SanmaHorn Simon<\/strong><\/p>\n<p>The <strong>Sim\u00f3n<\/strong> model is handcrafted with a single-piece bell measuring \u00d8 122.25 mm and ML tubing measuring \u00d8 11.60 mm. The pistons on this model offer trumpet players a precise and effective response with a very pleasant feel. Every detail has been carefully crafted, with sliding tuning rings on the 1st and 3rd slides, providing a quick response when correcting the tuning. The &#8220;amado&#8221; type waterkeys allow water to be drained quickly and with a high drainage capacity.   <\/p>\n<p>This model, Sim\u00f3n, is a very easy-to-play trumpet, similar in performance to a Bach 43, with a quick response and a direct sound. The heavy caps give this Sim\u00f3n model a full, round sound. <\/p>\n<p>The sculpted reinforcements, the artistic engraving and the vintage finish in transparent lacquer the trumpet <strong>Sim\u00f3n<\/strong> give this model a genuine aesthetic that exudes genuine aesthetic genuine aesthetic aesthetic aesthetic aesthetic aesthetic aesthetic aesthetic aesthetic aesthetic aesthetic aesthetic genuine that exudes personality wherever you look at it.<\/p>\n","protected":false},"excerpt":{"rendered":"<p>Trumpet SanmaHorn Simon The Sim\u00f3n model is handcrafted with a single-piece bell measuring \u00d8 122.25 mm and ML tubing measuring \u00d8 11.60 mm. The pistons on this model offer trumpet players a precise and effective response with a very pleasant feel. Every detail has been carefully crafted, with sliding tuning rings on the 1st and [&hellip;]<\/p>\n","protected":false},"featured_media":147912,"comment_status":"open","ping_status":"closed","template":"","meta":{"_acf_changed":false,"_seopress_robots_primary_cat":"none","_seopress_titles_title":"Trumpet SanmaHorn Simon","_seopress_titles_desc":"","_seopress_robots_index":""},"brand":[],"product_brand":[1171],"product_cat":[1225,1234],"product_tag":[],"class_list":{"0":"post-146627","1":"product","2":"type-product","3":"status-publish","4":"has-post-thumbnail","6":"product_brand-sanmahorn","7":"product_cat-new-instruments","8":"product_cat-trumpets","10":"first","11":"instock","12":"taxable","13":"shipping-taxable","14":"purchasable","15":"product-type-simple"},"acf":[],"_links":{"self":[{"href":"https:\/\/brass-market.com\/en\/wp-json\/wp\/v2\/product\/146627","targetHints":{"allow":["GET"]}}],"collection":[{"href":"https:\/\/brass-market.com\/en\/wp-json\/wp\/v2\/product"}],"about":[{"href":"https:\/\/brass-market.com\/en\/wp-json\/wp\/v2\/types\/product"}],"replies":[{"embeddable":true,"href":"https:\/\/brass-market.com\/en\/wp-json\/wp\/v2\/comments?post=146627"}],"wp:featuredmedia":[{"embeddable":true,"href":"https:\/\/brass-market.com\/en\/wp-json\/wp\/v2\/media\/147912"}],"wp:attachment":[{"href":"https:\/\/brass-market.com\/en\/wp-json\/wp\/v2\/media?parent=146627"}],"wp:term":[{"taxonomy":"brand","embeddable":true,"href":"https:\/\/brass-market.com\/en\/wp-json\/wp\/v2\/brand?post=146627"},{"taxonomy":"product_brand","embeddable":true,"href":"https:\/\/brass-market.com\/en\/wp-json\/wp\/v2\/product_brand?post=146627"},{"taxonomy":"product_cat","embeddable":true,"href":"https:\/\/brass-market.com\/en\/wp-json\/wp\/v2\/product_cat?post=146627"},{"taxonomy":"product_tag","embeddable":true,"href":"https:\/\/brass-market.com\/en\/wp-json\/wp\/v2\/product_tag?post=146627"}],"curies":[{"name":"wp","href":"https:\/\/api.w.org\/{rel}","templated":true}]}}