{"id":146352,"date":"2025-02-25T10:25:06","date_gmt":"2025-02-25T10:25:06","guid":{"rendered":"http:\/\/brass-market.com\/producto\/beechler-tonalex-tenor-saxophone-mouthpiece\/"},"modified":"2025-02-25T10:25:06","modified_gmt":"2025-02-25T10:25:06","slug":"beechler-tonalex-tenor-saxophone-mouthpiece","status":"publish","type":"product","link":"https:\/\/brass-market.com\/en\/producto\/beechler-tonalex-tenor-saxophone-mouthpiece\/","title":{"rendered":"Beechler Tonalex tenor saxophone mouthpiece"},"content":{"rendered":"<p><strong>Beechler Tonalex tenor saxophone mouthpiece<\/strong><\/p>\n<p>&nbsp;<\/p>\n<p>Renowned thanks to the manufacturing craftsmanship that continues to be maintained to this day, the mouthpieces Beechler are the mouthpieces preferred by the best artists worldwide. Masters such as Gerald Albright, Eric Marienthal, Marcus Anderson, Eddie Daniels, Kenny G, and Randy Gist are just a few of the names on the enormous roster of the huge line-up of artists who make the Beechler possibly the brand with the most renowned endorsers in the world. <\/p>\n<p id=\"tw-target-text\" class=\"tw-data-text tw-text-large tw-ta\" dir=\"ltr\" data-placeholder=\"Traducci\u00f3n\" data-ved=\"2ahUKEwjvn-jyxt6LAxVBR_EDHbqNA3IQ3ewLegQIBxAW\" aria-label=\"Texto traducido: La resina ac\u00fastica blanca de estas boquillas favorece las cualidades de canto m\u00e1s suaves del instrumento. Longitudes de revestimiento disponibles en Est\u00e1ndar, Mediano y Largo.\"><span class=\"Y2IQFc\" lang=\"es\">The white acoustic resin in these mouthpieces enhances the instrument&#8217;s softer singing qualities.<\/span><\/p>\n","protected":false},"excerpt":{"rendered":"<p>Beechler Tonalex tenor saxophone mouthpiece &nbsp; Renowned thanks to the manufacturing craftsmanship that continues to be maintained to this day, the mouthpieces Beechler are the mouthpieces preferred by the best artists worldwide. Masters such as Gerald Albright, Eric Marienthal, Marcus Anderson, Eddie Daniels, Kenny G, and Randy Gist are just a few of the names [&hellip;]<\/p>\n","protected":false},"featured_media":139496,"comment_status":"open","ping_status":"closed","template":"","meta":{"_acf_changed":false,"_seopress_robots_primary_cat":"none","_seopress_titles_title":"","_seopress_titles_desc":"","_seopress_robots_index":""},"brand":[],"product_brand":[991],"product_cat":[1177,1223,1184,1192],"product_tag":[],"class_list":{"0":"post-146352","1":"product","2":"type-product","3":"status-publish","4":"has-post-thumbnail","6":"product_brand-beechler","7":"product_cat-accessories","8":"product_cat-featured","9":"product_cat-mouthpieces","10":"product_cat-tenor-sax-mouthpieces","12":"first","13":"instock","14":"taxable","15":"shipping-taxable","16":"purchasable","17":"product-type-variable"},"acf":[],"_links":{"self":[{"href":"https:\/\/brass-market.com\/en\/wp-json\/wp\/v2\/product\/146352","targetHints":{"allow":["GET"]}}],"collection":[{"href":"https:\/\/brass-market.com\/en\/wp-json\/wp\/v2\/product"}],"about":[{"href":"https:\/\/brass-market.com\/en\/wp-json\/wp\/v2\/types\/product"}],"replies":[{"embeddable":true,"href":"https:\/\/brass-market.com\/en\/wp-json\/wp\/v2\/comments?post=146352"}],"wp:featuredmedia":[{"embeddable":true,"href":"https:\/\/brass-market.com\/en\/wp-json\/wp\/v2\/media\/139496"}],"wp:attachment":[{"href":"https:\/\/brass-market.com\/en\/wp-json\/wp\/v2\/media?parent=146352"}],"wp:term":[{"taxonomy":"brand","embeddable":true,"href":"https:\/\/brass-market.com\/en\/wp-json\/wp\/v2\/brand?post=146352"},{"taxonomy":"product_brand","embeddable":true,"href":"https:\/\/brass-market.com\/en\/wp-json\/wp\/v2\/product_brand?post=146352"},{"taxonomy":"product_cat","embeddable":true,"href":"https:\/\/brass-market.com\/en\/wp-json\/wp\/v2\/product_cat?post=146352"},{"taxonomy":"product_tag","embeddable":true,"href":"https:\/\/brass-market.com\/en\/wp-json\/wp\/v2\/product_tag?post=146352"}],"curies":[{"name":"wp","href":"https:\/\/api.w.org\/{rel}","templated":true}]}}