{"id":146153,"date":"2025-11-03T12:13:28","date_gmt":"2025-11-03T12:13:28","guid":{"rendered":"http:\/\/brass-market.com\/producto\/tenor-saxophone-beechler-white-diamond-mouthpiece\/"},"modified":"2025-11-04T11:08:57","modified_gmt":"2025-11-04T11:08:57","slug":"tenor-saxophone-beechler-white-diamond-mouthpiece","status":"publish","type":"product","link":"https:\/\/brass-market.com\/en\/producto\/tenor-saxophone-beechler-white-diamond-mouthpiece\/","title":{"rendered":"Tenor saxophone Beechler White Diamond mouthpiece"},"content":{"rendered":"<p><strong>Tenor saxophone Beechler White Diamond mouthpiece<\/strong><\/p>\n<p>&nbsp;<\/p>\n<p>Renowned thanks to the manufacturing craftsmanship that continues to be maintained to this day, the mouthpieces Beechler are the mouthpieces preferred by the best artists worldwide. Masters such as Gerald Albright, Eric Marienthal, Marcus Anderson, Eddie Daniels, Kenny G, and Randy Gist are just a few of the names on the enormous roster of the huge line-up of artists who make the Beechler possibly the brand with the most renowned endorsers in the world. <\/p>\n<p id=\"tw-target-text\" class=\"tw-data-text tw-text-large tw-ta\" dir=\"ltr\" data-placeholder=\"Traducci\u00f3n\" data-ved=\"2ahUKEwjvn-jyxt6LAxVBR_EDHbqNA3IQ3ewLegQIBxAW\" aria-label=\"Texto traducido: El material compuesto utilizado para estas boquillas es una combinaci\u00f3n robusta de las cualidades del caucho duro tradicional y los pl\u00e1sticos de la nueva era dise\u00f1ados para utilizar todo el rango din\u00e1mico del instrumento. Longitudes de revestimiento disponibles en Est\u00e1ndar, Mediano y Largo.\"><span class=\"Y2IQFc\" lang=\"es\">The composite material used for these mouthpieces is a robust combination of the qualities of traditional hard rubber and the plastics of the new era designed to utilise the entire range of dynamic expression of the instrument. <\/span><\/p>\n","protected":false},"excerpt":{"rendered":"<p>Tenor saxophone Beechler White Diamond mouthpiece &nbsp; Renowned thanks to the manufacturing craftsmanship that continues to be maintained to this day, the mouthpieces Beechler are the mouthpieces preferred by the best artists worldwide. Masters such as Gerald Albright, Eric Marienthal, Marcus Anderson, Eddie Daniels, Kenny G, and Randy Gist are just a few of the [&hellip;]<\/p>\n","protected":false},"featured_media":146139,"comment_status":"open","ping_status":"closed","template":"","meta":{"_acf_changed":false,"_seopress_robots_primary_cat":"none","_seopress_titles_title":"","_seopress_titles_desc":"","_seopress_robots_index":""},"brand":[],"product_brand":[991],"product_cat":[1177,1184,1192],"product_tag":[],"class_list":{"0":"post-146153","1":"product","2":"type-product","3":"status-publish","4":"has-post-thumbnail","6":"product_brand-beechler","7":"product_cat-accessories","8":"product_cat-mouthpieces","9":"product_cat-tenor-sax-mouthpieces","11":"first","12":"instock","13":"taxable","14":"shipping-taxable","15":"purchasable","16":"product-type-variable"},"acf":[],"_links":{"self":[{"href":"https:\/\/brass-market.com\/en\/wp-json\/wp\/v2\/product\/146153","targetHints":{"allow":["GET"]}}],"collection":[{"href":"https:\/\/brass-market.com\/en\/wp-json\/wp\/v2\/product"}],"about":[{"href":"https:\/\/brass-market.com\/en\/wp-json\/wp\/v2\/types\/product"}],"replies":[{"embeddable":true,"href":"https:\/\/brass-market.com\/en\/wp-json\/wp\/v2\/comments?post=146153"}],"wp:featuredmedia":[{"embeddable":true,"href":"https:\/\/brass-market.com\/en\/wp-json\/wp\/v2\/media\/146139"}],"wp:attachment":[{"href":"https:\/\/brass-market.com\/en\/wp-json\/wp\/v2\/media?parent=146153"}],"wp:term":[{"taxonomy":"brand","embeddable":true,"href":"https:\/\/brass-market.com\/en\/wp-json\/wp\/v2\/brand?post=146153"},{"taxonomy":"product_brand","embeddable":true,"href":"https:\/\/brass-market.com\/en\/wp-json\/wp\/v2\/product_brand?post=146153"},{"taxonomy":"product_cat","embeddable":true,"href":"https:\/\/brass-market.com\/en\/wp-json\/wp\/v2\/product_cat?post=146153"},{"taxonomy":"product_tag","embeddable":true,"href":"https:\/\/brass-market.com\/en\/wp-json\/wp\/v2\/product_tag?post=146153"}],"curies":[{"name":"wp","href":"https:\/\/api.w.org\/{rel}","templated":true}]}}