{"id":142807,"date":"2025-02-12T10:10:26","date_gmt":"2025-02-12T10:10:26","guid":{"rendered":"http:\/\/brass-market.com\/producto\/legere-european-cut-synthetic-reed-for-bb-clarinet-bb\/"},"modified":"2025-10-21T09:18:25","modified_gmt":"2025-10-21T09:18:25","slug":"legere-european-cut-synthetic-reed-for-bb-clarinet-bb","status":"publish","type":"product","link":"https:\/\/brass-market.com\/en\/producto\/legere-european-cut-synthetic-reed-for-bb-clarinet-bb\/","title":{"rendered":"Legere European Cut Synthetic Reed for Bb Clarinet Bb"},"content":{"rendered":"<p>The <strong>L\u00e9g\u00e8re reeds <\/strong>are more durable than traditional reeds because they are made from a synthetic material (non-toxic polymer) that is resistant to humidity and ambient temperature. In addition, L\u00e9g\u00e8re reeds can be easily disinfected with hot water and a mild detergent. .<\/p>\n<p>L\u00e9g\u00e8re has a meticulous, numerically controlled cutting system, which produces totally cloned reeds, thus ensuring the perfection of its products.<\/p>\n<p>The , Legere&#8217;s latest clarinet creation, is the most flexible reed in its entire catalogue..<\/p>\n<p>Its design offers a bright but warm and clean sound at the same time. It is surprisingly easy to play, which is why it is the most widely used reed by almost all clarinettists who have used it before <strong>L\u00e9g\u00e8re <\/strong>with the French system, both professional clarinetists and students from all over the world.<\/p>\n","protected":false},"excerpt":{"rendered":"<p>The L\u00e9g\u00e8re reeds are more durable than traditional reeds because they are made from a synthetic material (non-toxic polymer) that is resistant to humidity and ambient temperature. In addition, L\u00e9g\u00e8re reeds can be easily disinfected with hot water and a mild detergent. . L\u00e9g\u00e8re has a meticulous, numerically controlled cutting system, which produces totally cloned [&hellip;]<\/p>\n","protected":false},"featured_media":138471,"comment_status":"open","ping_status":"closed","template":"","meta":{"_acf_changed":false,"_seopress_robots_primary_cat":"","_seopress_titles_title":"","_seopress_titles_desc":"","_seopress_robots_index":""},"brand":[],"product_brand":[],"product_cat":[1177,1198,1197],"product_tag":[],"class_list":{"0":"post-142807","1":"product","2":"type-product","3":"status-publish","4":"has-post-thumbnail","6":"product_cat-accessories","7":"product_cat-clarinet-reeds","8":"product_cat-reeds","10":"first","11":"instock","12":"taxable","13":"shipping-taxable","14":"purchasable","15":"product-type-variable"},"acf":[],"_links":{"self":[{"href":"https:\/\/brass-market.com\/en\/wp-json\/wp\/v2\/product\/142807","targetHints":{"allow":["GET"]}}],"collection":[{"href":"https:\/\/brass-market.com\/en\/wp-json\/wp\/v2\/product"}],"about":[{"href":"https:\/\/brass-market.com\/en\/wp-json\/wp\/v2\/types\/product"}],"replies":[{"embeddable":true,"href":"https:\/\/brass-market.com\/en\/wp-json\/wp\/v2\/comments?post=142807"}],"wp:featuredmedia":[{"embeddable":true,"href":"https:\/\/brass-market.com\/en\/wp-json\/wp\/v2\/media\/138471"}],"wp:attachment":[{"href":"https:\/\/brass-market.com\/en\/wp-json\/wp\/v2\/media?parent=142807"}],"wp:term":[{"taxonomy":"brand","embeddable":true,"href":"https:\/\/brass-market.com\/en\/wp-json\/wp\/v2\/brand?post=142807"},{"taxonomy":"product_brand","embeddable":true,"href":"https:\/\/brass-market.com\/en\/wp-json\/wp\/v2\/product_brand?post=142807"},{"taxonomy":"product_cat","embeddable":true,"href":"https:\/\/brass-market.com\/en\/wp-json\/wp\/v2\/product_cat?post=142807"},{"taxonomy":"product_tag","embeddable":true,"href":"https:\/\/brass-market.com\/en\/wp-json\/wp\/v2\/product_tag?post=142807"}],"curies":[{"name":"wp","href":"https:\/\/api.w.org\/{rel}","templated":true}]}}