{"id":142804,"date":"2025-02-12T10:09:55","date_gmt":"2025-02-12T10:09:55","guid":{"rendered":"http:\/\/brass-market.com\/producto\/legere-signature-synthetic-reed-for-clarinet-bb\/"},"modified":"2025-10-21T09:18:24","modified_gmt":"2025-10-21T09:18:24","slug":"legere-signature-synthetic-reed-for-clarinet-bb","status":"publish","type":"product","link":"https:\/\/brass-market.com\/en\/producto\/legere-signature-synthetic-reed-for-clarinet-bb\/","title":{"rendered":"Legere Signature Synthetic Reed for Clarinet Bb"},"content":{"rendered":"<p><strong>L\u00e9g\u00e8re <\/strong>reeds are &nbsp;more durable than traditional reeds because they are made of a synthetic material (non-toxic polymer) that is resistant to humidity and ambient temperature. In addition, &nbsp;L\u00e9g\u00e8re reeds can be easily disinfected with hot water and a mild detergent.<\/p>\n<p>L\u00e9g\u00e8re has a meticulous numerically-controlled cutting system, which produces fully cloned reeds, thus ensuring the perfection of its products.<\/p>\n<p><strong>Signature<\/strong> clarinet <strong>reeds<\/strong> are perfectly centered. They produce a warm, rich tone in all registers of the instrument. They are thinner cut and stiffer than the natural reed, resulting in a clear, centered sound that requires minimal effort on the part of the player.<\/p>\n<p>The ease of articulation makes them ideal for players of all genres.<\/p>\n","protected":false},"excerpt":{"rendered":"<p>L\u00e9g\u00e8re reeds are &nbsp;more durable than traditional reeds because they are made of a synthetic material (non-toxic polymer) that is resistant to humidity and ambient temperature. In addition, &nbsp;L\u00e9g\u00e8re reeds can be easily disinfected with hot water and a mild detergent. L\u00e9g\u00e8re has a meticulous numerically-controlled cutting system, which produces fully cloned reeds, thus ensuring [&hellip;]<\/p>\n","protected":false},"featured_media":138468,"comment_status":"open","ping_status":"closed","template":"","meta":{"_acf_changed":false,"_seopress_robots_primary_cat":"","_seopress_titles_title":"","_seopress_titles_desc":"","_seopress_robots_index":""},"brand":[],"product_brand":[],"product_cat":[1177,1198,1197],"product_tag":[],"class_list":{"0":"post-142804","1":"product","2":"type-product","3":"status-publish","4":"has-post-thumbnail","6":"product_cat-accessories","7":"product_cat-clarinet-reeds","8":"product_cat-reeds","10":"first","11":"instock","12":"taxable","13":"shipping-taxable","14":"purchasable","15":"product-type-variable"},"acf":[],"_links":{"self":[{"href":"https:\/\/brass-market.com\/en\/wp-json\/wp\/v2\/product\/142804","targetHints":{"allow":["GET"]}}],"collection":[{"href":"https:\/\/brass-market.com\/en\/wp-json\/wp\/v2\/product"}],"about":[{"href":"https:\/\/brass-market.com\/en\/wp-json\/wp\/v2\/types\/product"}],"replies":[{"embeddable":true,"href":"https:\/\/brass-market.com\/en\/wp-json\/wp\/v2\/comments?post=142804"}],"wp:featuredmedia":[{"embeddable":true,"href":"https:\/\/brass-market.com\/en\/wp-json\/wp\/v2\/media\/138468"}],"wp:attachment":[{"href":"https:\/\/brass-market.com\/en\/wp-json\/wp\/v2\/media?parent=142804"}],"wp:term":[{"taxonomy":"brand","embeddable":true,"href":"https:\/\/brass-market.com\/en\/wp-json\/wp\/v2\/brand?post=142804"},{"taxonomy":"product_brand","embeddable":true,"href":"https:\/\/brass-market.com\/en\/wp-json\/wp\/v2\/product_brand?post=142804"},{"taxonomy":"product_cat","embeddable":true,"href":"https:\/\/brass-market.com\/en\/wp-json\/wp\/v2\/product_cat?post=142804"},{"taxonomy":"product_tag","embeddable":true,"href":"https:\/\/brass-market.com\/en\/wp-json\/wp\/v2\/product_tag?post=142804"}],"curies":[{"name":"wp","href":"https:\/\/api.w.org\/{rel}","templated":true}]}}