{"id":142803,"date":"2025-02-12T10:09:44","date_gmt":"2025-02-12T10:09:44","guid":{"rendered":"http:\/\/brass-market.com\/producto\/legere-signature-synthetic-reed-for-bass-clarinet\/"},"modified":"2025-10-21T09:18:24","modified_gmt":"2025-10-21T09:18:24","slug":"legere-signature-synthetic-reed-for-bass-clarinet","status":"publish","type":"product","link":"https:\/\/brass-market.com\/en\/producto\/legere-signature-synthetic-reed-for-bass-clarinet\/","title":{"rendered":"Legere Signature Synthetic Reed for Bass Clarinet"},"content":{"rendered":"<p>L\u00e9g\u00e8re reeds are more durable than traditional ones because they are made from a synthetic material (non-toxic polymer) resistant to moisture and environmental temperature. Additionally, L\u00e9g\u00e8re reeds can be easily disinfected with hot water and a mild detergent.&nbsp;<\/p>\n<p><\/p>\n<p>L\u00e9g\u00e8re has a meticulous numerically controlled cutting system that ensures the production of perfectly cloned reeds, guaranteeing the perfection of their products.&nbsp;<\/p>\n<p><\/p>\n<p>The Signature reeds for clarinet are perfectly centered. They produce a warm and rich tone in all registers of the instrument. They have a thinner cut and are more rigid than natural reeds, generating a clear and focused sound with minimal effort from the performer.&nbsp;<\/p>\n<p><\/p>\n<p>Their ease of articulation makes them ideal for musicians of all genres.<\/p>\n","protected":false},"excerpt":{"rendered":"<p>L\u00e9g\u00e8re reeds are more durable than traditional ones because they are made from a synthetic material (non-toxic polymer) resistant to moisture and environmental temperature. Additionally, L\u00e9g\u00e8re reeds can be easily disinfected with hot water and a mild detergent.&nbsp; L\u00e9g\u00e8re has a meticulous numerically controlled cutting system that ensures the production of perfectly cloned reeds, guaranteeing [&hellip;]<\/p>\n","protected":false},"featured_media":138466,"comment_status":"open","ping_status":"closed","template":"","meta":{"_acf_changed":false,"_seopress_robots_primary_cat":"","_seopress_titles_title":"","_seopress_titles_desc":"","_seopress_robots_index":""},"brand":[],"product_brand":[],"product_cat":[1177,1198,1197],"product_tag":[],"class_list":{"0":"post-142803","1":"product","2":"type-product","3":"status-publish","4":"has-post-thumbnail","6":"product_cat-accessories","7":"product_cat-clarinet-reeds","8":"product_cat-reeds","10":"first","11":"instock","12":"taxable","13":"shipping-taxable","14":"purchasable","15":"product-type-variable"},"acf":[],"_links":{"self":[{"href":"https:\/\/brass-market.com\/en\/wp-json\/wp\/v2\/product\/142803","targetHints":{"allow":["GET"]}}],"collection":[{"href":"https:\/\/brass-market.com\/en\/wp-json\/wp\/v2\/product"}],"about":[{"href":"https:\/\/brass-market.com\/en\/wp-json\/wp\/v2\/types\/product"}],"replies":[{"embeddable":true,"href":"https:\/\/brass-market.com\/en\/wp-json\/wp\/v2\/comments?post=142803"}],"wp:featuredmedia":[{"embeddable":true,"href":"https:\/\/brass-market.com\/en\/wp-json\/wp\/v2\/media\/138466"}],"wp:attachment":[{"href":"https:\/\/brass-market.com\/en\/wp-json\/wp\/v2\/media?parent=142803"}],"wp:term":[{"taxonomy":"brand","embeddable":true,"href":"https:\/\/brass-market.com\/en\/wp-json\/wp\/v2\/brand?post=142803"},{"taxonomy":"product_brand","embeddable":true,"href":"https:\/\/brass-market.com\/en\/wp-json\/wp\/v2\/product_brand?post=142803"},{"taxonomy":"product_cat","embeddable":true,"href":"https:\/\/brass-market.com\/en\/wp-json\/wp\/v2\/product_cat?post=142803"},{"taxonomy":"product_tag","embeddable":true,"href":"https:\/\/brass-market.com\/en\/wp-json\/wp\/v2\/product_tag?post=142803"}],"curies":[{"name":"wp","href":"https:\/\/api.w.org\/{rel}","templated":true}]}}