{"id":142632,"date":"2023-02-12T09:57:19","date_gmt":"2023-02-12T09:57:19","guid":{"rendered":"http:\/\/brass-market.com\/producto\/auls-barcelona-street-mouthpiece-for-alto-saxophone\/"},"modified":"2026-03-09T15:43:15","modified_gmt":"2026-03-09T15:43:15","slug":"auls-barcelona-street-mouthpiece-for-alto-saxophone","status":"publish","type":"product","link":"https:\/\/brass-market.com\/en\/producto\/auls-barcelona-street-mouthpiece-for-alto-saxophone\/","title":{"rendered":"Aulos Barcelona &#8220;Street&#8221; mouthpiece for alto saxophone"},"content":{"rendered":"<p><strong>Aulos Barcelona &#8220;Street&#8221; mouthpiece for alto saxophone<\/strong><\/p>\n<p>Manufactured using 3D printing<\/p>\n<p>6 colours to choose from<\/p>\n<p>The Street model is recommended for rock, funk, modern jazz, and all types of street bands.<\/p>\n<p>Sound powerful but under control, fresh, energetic and with a remarkable brightness.<\/p>\n<p>\u00c1gil de ejecuci\u00f3n y afinaci\u00f3n sin problemas.<\/p>\n<p>&nbsp;<\/p>\n<p>Description<\/p>\n<p>As its name suggests, all its parameters have been designed to project sound onto the street in a powerful way without losing control or tuning. Ideal for saxophonists in marching bands, brass bands, charangas or soloists. <\/p>\n<p>&nbsp;<\/p>\n<p>Compatible with standard ligatures<\/p>\n<p>Camera: Rounded<\/p>\n<p>Deflector: <span style=\"font-weight: 400;\">Type Steep Baffle of medium height<\/span><\/p>\n<p>&nbsp;<\/p>\n<p>Openings:<\/p>\n<p>A3: 1.70 mm<\/p>\n<p>A4: 1.80 mm<\/p>\n<p>A5: 1.95 mm<\/p>\n<p>A6: 2,16 mm<\/p>\n<p>A7: 2.40 mm<\/p>\n<p>See table of equivalences in the last image of the product<\/p>\n<p>&nbsp;<\/p>\n<p>Manufacturing material:<\/p>\n<p>ABS manufactured in Europe suitable for contact with foodstuffs (\u2026LEGO parts are made from this material).<\/p>\n<p>Medium of printing:<\/p>\n<p>Lead-free stainless steel E3D mouthpiece for food and medical use, does not carry materials harmful to health.<\/p>\n<p>&nbsp;<\/p>\n<p>Aul\u00f3s Barcelona mouthpieces have been designed and manufactured with special attention to protecting the musician&#8217;s health. As they are printed layer by layer, we recommend washing them frequently with warm soapy water. <\/p>\n","protected":false},"excerpt":{"rendered":"<p>Aulos Barcelona &#8220;Street&#8221; mouthpiece for alto saxophone Manufactured using 3D printing 6 colours to choose from The Street model is recommended for rock, funk, modern jazz, and all types of street bands. Sound powerful but under control, fresh, energetic and with a remarkable brightness. \u00c1gil de ejecuci\u00f3n y afinaci\u00f3n sin problemas. &nbsp; Description As its [&hellip;]<\/p>\n","protected":false},"featured_media":149068,"comment_status":"open","ping_status":"closed","template":"","meta":{"_acf_changed":false,"_seopress_robots_primary_cat":"none","_seopress_titles_title":"","_seopress_titles_desc":"","_seopress_robots_index":""},"brand":[],"product_brand":[948],"product_cat":[1177,1189,1184],"product_tag":[],"class_list":{"0":"post-142632","1":"product","2":"type-product","3":"status-publish","4":"has-post-thumbnail","6":"product_brand-aulos-barcelona","7":"product_cat-accessories","8":"product_cat-alto-sax-mouthpieces","9":"product_cat-mouthpieces","11":"first","12":"instock","13":"taxable","14":"shipping-taxable","15":"purchasable","16":"product-type-variable"},"acf":[],"_links":{"self":[{"href":"https:\/\/brass-market.com\/en\/wp-json\/wp\/v2\/product\/142632","targetHints":{"allow":["GET"]}}],"collection":[{"href":"https:\/\/brass-market.com\/en\/wp-json\/wp\/v2\/product"}],"about":[{"href":"https:\/\/brass-market.com\/en\/wp-json\/wp\/v2\/types\/product"}],"replies":[{"embeddable":true,"href":"https:\/\/brass-market.com\/en\/wp-json\/wp\/v2\/comments?post=142632"}],"wp:featuredmedia":[{"embeddable":true,"href":"https:\/\/brass-market.com\/en\/wp-json\/wp\/v2\/media\/149068"}],"wp:attachment":[{"href":"https:\/\/brass-market.com\/en\/wp-json\/wp\/v2\/media?parent=142632"}],"wp:term":[{"taxonomy":"brand","embeddable":true,"href":"https:\/\/brass-market.com\/en\/wp-json\/wp\/v2\/brand?post=142632"},{"taxonomy":"product_brand","embeddable":true,"href":"https:\/\/brass-market.com\/en\/wp-json\/wp\/v2\/product_brand?post=142632"},{"taxonomy":"product_cat","embeddable":true,"href":"https:\/\/brass-market.com\/en\/wp-json\/wp\/v2\/product_cat?post=142632"},{"taxonomy":"product_tag","embeddable":true,"href":"https:\/\/brass-market.com\/en\/wp-json\/wp\/v2\/product_tag?post=142632"}],"curies":[{"name":"wp","href":"https:\/\/api.w.org\/{rel}","templated":true}]}}