{"id":142474,"date":"2024-06-06T09:53:33","date_gmt":"2024-06-06T09:53:33","guid":{"rendered":"http:\/\/brass-market.com\/producto\/arban-trumpet-method\/"},"modified":"2025-10-21T09:16:14","modified_gmt":"2025-10-21T09:16:14","slug":"arban-trumpet-method","status":"publish","type":"product","link":"https:\/\/brass-market.com\/en\/producto\/arban-trumpet-method\/","title":{"rendered":"Arban Trumpet Method"},"content":{"rendered":"<p><strong>Arban Trumpet Method<\/strong><\/p>\n<p><span style=\"color: #202122; font-family: Montserrat;\">The Complete Trumpet Method (in French, Grande m\u00e9thode compl\u00e8te pour cornet \u00e0 pistons et de saxhorn par Arban), commonly known as the Arban method, is a teaching method for students of trumpet, cornet, and other valved brass instruments. The original edition was published by Jean-Baptiste Arban in 1864 and has never been out of print because it is used by today&#8217;s players. It contains hundreds of exercises of gradually increasing difficulty. The method begins with several basic exercises and progresses to very advanced compositions, including Arban&#8217;s famously difficult setting of &#8220;Carnival of Venice&#8221; in the form of a Theme and Variations. It was later edited by Edwin Franko Goldman and Walter M. Smith and annotated by Claude Gordon.<\/span><\/p>\n<p><strong>\u00a0<\/strong><\/p>\n","protected":false},"excerpt":{"rendered":"<p>Arban Trumpet Method The Complete Trumpet Method (in French, Grande m\u00e9thode compl\u00e8te pour cornet \u00e0 pistons et de saxhorn par Arban), commonly known as the Arban method, is a teaching method for students of trumpet, cornet, and other valved brass instruments. The original edition was published by Jean-Baptiste Arban in 1864 and has never been [&hellip;]<\/p>\n","protected":false},"featured_media":140094,"comment_status":"open","ping_status":"closed","template":"","meta":{"_acf_changed":false,"_seopress_robots_primary_cat":"","_seopress_titles_title":"","_seopress_titles_desc":"","_seopress_robots_index":""},"brand":[],"product_brand":[],"product_cat":[1247],"product_tag":[],"class_list":{"0":"post-142474","1":"product","2":"type-product","3":"status-publish","4":"has-post-thumbnail","6":"product_cat-music-books","8":"first","9":"instock","10":"taxable","11":"shipping-taxable","12":"purchasable","13":"product-type-simple"},"acf":[],"_links":{"self":[{"href":"https:\/\/brass-market.com\/en\/wp-json\/wp\/v2\/product\/142474","targetHints":{"allow":["GET"]}}],"collection":[{"href":"https:\/\/brass-market.com\/en\/wp-json\/wp\/v2\/product"}],"about":[{"href":"https:\/\/brass-market.com\/en\/wp-json\/wp\/v2\/types\/product"}],"replies":[{"embeddable":true,"href":"https:\/\/brass-market.com\/en\/wp-json\/wp\/v2\/comments?post=142474"}],"wp:featuredmedia":[{"embeddable":true,"href":"https:\/\/brass-market.com\/en\/wp-json\/wp\/v2\/media\/140094"}],"wp:attachment":[{"href":"https:\/\/brass-market.com\/en\/wp-json\/wp\/v2\/media?parent=142474"}],"wp:term":[{"taxonomy":"brand","embeddable":true,"href":"https:\/\/brass-market.com\/en\/wp-json\/wp\/v2\/brand?post=142474"},{"taxonomy":"product_brand","embeddable":true,"href":"https:\/\/brass-market.com\/en\/wp-json\/wp\/v2\/product_brand?post=142474"},{"taxonomy":"product_cat","embeddable":true,"href":"https:\/\/brass-market.com\/en\/wp-json\/wp\/v2\/product_cat?post=142474"},{"taxonomy":"product_tag","embeddable":true,"href":"https:\/\/brass-market.com\/en\/wp-json\/wp\/v2\/product_tag?post=142474"}],"curies":[{"name":"wp","href":"https:\/\/api.w.org\/{rel}","templated":true}]}}