{"id":142200,"date":"2025-02-12T09:23:23","date_gmt":"2025-02-12T09:23:23","guid":{"rendered":"http:\/\/brass-market.com\/producto\/bremner-sshhmute-whisper-horn-mute-for-trumpet-or-cornet\/"},"modified":"2025-10-21T09:14:25","modified_gmt":"2025-10-21T09:14:25","slug":"bremner-sshhmute-whisper-horn-mute-for-trumpet-or-cornet","status":"publish","type":"product","link":"https:\/\/brass-market.com\/en\/producto\/bremner-sshhmute-whisper-horn-mute-for-trumpet-or-cornet\/","title":{"rendered":"Bremner Sshhmute Whisper Horn Mute for Trumpet or Cornet"},"content":{"rendered":"<p>Estas nuevas <strong>sordinas<\/strong> destacan por la escasa presi\u00f3n de retorno que generan, principal problema de las sordinas de estudio. No var\u00eda la afinaci\u00f3n, ayuda a desarrollar y abrir los m\u00fasculos de la garganta para dar mayor fluidez al paso del aire.<\/p>\n<p>La sordina de Trompeta <strong>BREMNER SSHHMUTE Whisper<\/strong> es una sordina duradera, ligera y de alta calidad.&nbsp;<\/p>\n<p>\u00bfQu\u00e9 tiene de diferente un <strong>Whisper<\/strong> mute? Esta versi\u00f3n para el escenario del aclamado <strong>sshhmute <\/strong>permite que escape m\u00e1s <strong>aire<\/strong> y, por lo tanto, se transmite m\u00e1s <strong>sonido<\/strong>. Es perfecto para realizar pasajes suaves cuando realmente necesita estabilidad y seguridad.&nbsp;<\/p>\n<p>Todav\u00eda se puede usar como sordina de <strong>pr\u00e1ctica<\/strong> cuando no se requiere un silencio cercano.<\/p>\n<p>&nbsp;<\/p>\n<p>El &nbsp;sshhmute es la opci\u00f3n n\u00ba1 &nbsp;para algunos de los mejores m\u00fasicos de brass del mundo. Entre ellos se incluyen: James Morrison &nbsp;(artista de jazz aclamado internacionalmente), Joseph Alessi &nbsp;(tromb\u00f3n principal &#8211; Filarm\u00f3nica de Nueva York), David Elton (trompeta principal &#8211; Orquesta Sinf\u00f3nica de Londres) y conjuntos aclamados como Canadian Brass, Foden&#8217;s Band, Brassband Willebroek y Wellington Brass.<\/p>\n<p>Las sshhmute se fabrican en Nueva Zelanda y son el fruto de a\u00f1os de investigaci\u00f3n por el galardonado corneta Trevor Bremner.<\/p>\n<p>Pesa s\u00f3lo 46 gramos (aproximadamente 18% menos que la sordina de metal tradicional). No se abolla.<\/p>\n","protected":false},"excerpt":{"rendered":"<p>Estas nuevas sordinas destacan por la escasa presi\u00f3n de retorno que generan, principal problema de las sordinas de estudio. No var\u00eda la afinaci\u00f3n, ayuda a desarrollar y abrir los m\u00fasculos de la garganta para dar mayor fluidez al paso del aire. La sordina de Trompeta BREMNER SSHHMUTE Whisper es una sordina duradera, ligera y de [&hellip;]<\/p>\n","protected":false},"featured_media":137658,"comment_status":"open","ping_status":"closed","template":"","meta":{"_acf_changed":false,"_seopress_robots_primary_cat":"","_seopress_titles_title":"","_seopress_titles_desc":"","_seopress_robots_index":""},"brand":[],"product_brand":[],"product_cat":[1177,1221],"product_tag":[],"class_list":{"0":"post-142200","1":"product","2":"type-product","3":"status-publish","4":"has-post-thumbnail","6":"product_cat-accessories","7":"product_cat-mutes","9":"first","10":"instock","11":"taxable","12":"shipping-taxable","13":"purchasable","14":"product-type-simple"},"acf":[],"_links":{"self":[{"href":"https:\/\/brass-market.com\/en\/wp-json\/wp\/v2\/product\/142200","targetHints":{"allow":["GET"]}}],"collection":[{"href":"https:\/\/brass-market.com\/en\/wp-json\/wp\/v2\/product"}],"about":[{"href":"https:\/\/brass-market.com\/en\/wp-json\/wp\/v2\/types\/product"}],"replies":[{"embeddable":true,"href":"https:\/\/brass-market.com\/en\/wp-json\/wp\/v2\/comments?post=142200"}],"wp:featuredmedia":[{"embeddable":true,"href":"https:\/\/brass-market.com\/en\/wp-json\/wp\/v2\/media\/137658"}],"wp:attachment":[{"href":"https:\/\/brass-market.com\/en\/wp-json\/wp\/v2\/media?parent=142200"}],"wp:term":[{"taxonomy":"brand","embeddable":true,"href":"https:\/\/brass-market.com\/en\/wp-json\/wp\/v2\/brand?post=142200"},{"taxonomy":"product_brand","embeddable":true,"href":"https:\/\/brass-market.com\/en\/wp-json\/wp\/v2\/product_brand?post=142200"},{"taxonomy":"product_cat","embeddable":true,"href":"https:\/\/brass-market.com\/en\/wp-json\/wp\/v2\/product_cat?post=142200"},{"taxonomy":"product_tag","embeddable":true,"href":"https:\/\/brass-market.com\/en\/wp-json\/wp\/v2\/product_tag?post=142200"}],"curies":[{"name":"wp","href":"https:\/\/api.w.org\/{rel}","templated":true}]}}