{"id":142157,"date":"2025-02-12T09:19:17","date_gmt":"2025-02-12T09:19:17","guid":{"rendered":"http:\/\/brass-market.com\/producto\/bags-ev-flight-metalic-french-horn-case-with-detachable-bell\/"},"modified":"2025-10-21T09:14:04","modified_gmt":"2025-10-21T09:14:04","slug":"bags-ev-flight-metalic-french-horn-case-with-detachable-bell","status":"publish","type":"product","link":"https:\/\/brass-market.com\/en\/producto\/bags-ev-flight-metalic-french-horn-case-with-detachable-bell\/","title":{"rendered":"Bags Ev-Flight Metalic French Horn Case with detachable bell"},"content":{"rendered":"<p>Peso: 3.9 Kg.<\/p>\n<p>Fabricado con los siguietes materiales:<\/p>\n<p>Interior: Estructura de Poliespan y espuma de poliuretano de alta densidad. Interior tapizado con Terciopelo de alta calidad foamizado.<\/p>\n<p>Exterior: Estructura de fibra de vidrio acabado brillo. El gel-coat tiene en suspensi\u00f3n part\u00edculas met\u00e1licas. Cierre con cremalleras YKK. Incorpora dos asas.<\/p>\n<p>Descripci\u00f3n: El modelo Flight, evolucion del antiguo modelo Airline de la serie Confort, es actualmente una referencia entre los profesionales por su inigualable relacion calidad\/precio. El nuevo dise\u00f1o de la tapa facilita guardar la campana con total comodidad. El cuerpo del instrumento para una mayor protecci\u00f3n apoya en un zona almohadillada minimizando el riesgo de la transmisi\u00f3n de impactos. Tiene capacidad para almacenar dos sordinas. Con el estuche se incluye una bolsa para accesorios. El estuche tiene fijados en la estructura dos colgadores que se han dise\u00f1ado ergon\u00f3micamente para llevarlo c\u00f3modamente como mochila facilitando su transporte en bici\/moto. Asimismo dispone de una comoda asa. En el exterior lleva adosada una bolsa para partituras con capacidad para una tablet\/portatil.<\/p>\n<p>Compatibilidades con instrumentos: Este modelo posibilita su utilizaci\u00f3n para los modelos actuales de las marcas mas reconocidas a nivel mundial (Alexander, Conn, Jupiter, Yamaha, etc),<\/p>\n<p>Consultar colores disponibles<\/p>\n","protected":false},"excerpt":{"rendered":"<p>Peso: 3.9 Kg. Fabricado con los siguietes materiales: Interior: Estructura de Poliespan y espuma de poliuretano de alta densidad. Interior tapizado con Terciopelo de alta calidad foamizado. Exterior: Estructura de fibra de vidrio acabado brillo. El gel-coat tiene en suspensi\u00f3n part\u00edculas met\u00e1licas. Cierre con cremalleras YKK. Incorpora dos asas. Descripci\u00f3n: El modelo Flight, evolucion del [&hellip;]<\/p>\n","protected":false},"featured_media":137442,"comment_status":"open","ping_status":"closed","template":"","meta":{"_acf_changed":false,"_seopress_robots_primary_cat":"","_seopress_titles_title":"","_seopress_titles_desc":"","_seopress_robots_index":""},"brand":[],"product_brand":[],"product_cat":[1177,1206,1217],"product_tag":[],"class_list":{"0":"post-142157","1":"product","2":"type-product","3":"status-publish","4":"has-post-thumbnail","6":"product_cat-accessories","7":"product_cat-cases","8":"product_cat-french-horn-cases","10":"first","11":"instock","12":"taxable","13":"shipping-taxable","14":"purchasable","15":"product-type-simple"},"acf":[],"_links":{"self":[{"href":"https:\/\/brass-market.com\/en\/wp-json\/wp\/v2\/product\/142157","targetHints":{"allow":["GET"]}}],"collection":[{"href":"https:\/\/brass-market.com\/en\/wp-json\/wp\/v2\/product"}],"about":[{"href":"https:\/\/brass-market.com\/en\/wp-json\/wp\/v2\/types\/product"}],"replies":[{"embeddable":true,"href":"https:\/\/brass-market.com\/en\/wp-json\/wp\/v2\/comments?post=142157"}],"wp:featuredmedia":[{"embeddable":true,"href":"https:\/\/brass-market.com\/en\/wp-json\/wp\/v2\/media\/137442"}],"wp:attachment":[{"href":"https:\/\/brass-market.com\/en\/wp-json\/wp\/v2\/media?parent=142157"}],"wp:term":[{"taxonomy":"brand","embeddable":true,"href":"https:\/\/brass-market.com\/en\/wp-json\/wp\/v2\/brand?post=142157"},{"taxonomy":"product_brand","embeddable":true,"href":"https:\/\/brass-market.com\/en\/wp-json\/wp\/v2\/product_brand?post=142157"},{"taxonomy":"product_cat","embeddable":true,"href":"https:\/\/brass-market.com\/en\/wp-json\/wp\/v2\/product_cat?post=142157"},{"taxonomy":"product_tag","embeddable":true,"href":"https:\/\/brass-market.com\/en\/wp-json\/wp\/v2\/product_tag?post=142157"}],"curies":[{"name":"wp","href":"https:\/\/api.w.org\/{rel}","templated":true}]}}